{"id":624,"date":"2022-07-01T11:34:05","date_gmt":"2022-07-01T09:34:05","guid":{"rendered":"https:\/\/moninstantvintage.fr\/?post_type=product&#038;p=624"},"modified":"2022-07-05T15:02:20","modified_gmt":"2022-07-05T13:02:20","slug":"le-vieil-ami","status":"publish","type":"product","link":"https:\/\/moninstantvintage.fr\/index.php\/produit\/le-vieil-ami\/","title":{"rendered":"Le vieil ami"},"content":{"rendered":"<p>Bougeoir en verre martel\u00e9 et mercuris\u00e9. Dor\u00e9 vieilli.<\/p>\n<p>Hauteur : 13 cm<\/p>\n<p>Diam\u00e8tre : 10 cm<\/p>\n","protected":false},"excerpt":{"rendered":"<p>Bougeoir en verre martel\u00e9 et mercuris\u00e9. Dor\u00e9 vieilli.<\/p>\n","protected":false},"featured_media":625,"template":"","meta":{"site-sidebar-layout":"default","site-content-layout":"default","ast-global-header-display":"","ast-main-header-display":"","ast-hfb-above-header-display":"","ast-hfb-below-header-display":"","ast-hfb-mobile-header-display":"","site-post-title":"","ast-breadcrumbs-content":"","ast-featured-img":"","footer-sml-layout":"","theme-transparent-header-meta":"default","adv-header-id-meta":"","stick-header-meta":"","header-above-stick-meta":"","header-main-stick-meta":"","header-below-stick-meta":""},"product_cat":[57],"product_tag":[23,41,40],"class_list":["post-624","product","type-product","status-publish","has-post-thumbnail","hentry","product_cat-bougeoirs-vases","product_tag-bougeoir","product_tag-dore","product_tag-verre","mvvwb_bookable"],"yoast_head":"<!-- This site is optimized with the Yoast SEO plugin v19.7.1 - https:\/\/yoast.com\/wordpress\/plugins\/seo\/ -->\n<title>Le vieil ami - Mon instant vintage<\/title>\n<meta name=\"robots\" content=\"index, follow, max-snippet:-1, max-image-preview:large, max-video-preview:-1\" \/>\n<link rel=\"canonical\" href=\"https:\/\/moninstantvintage.fr\/index.php\/produit\/le-vieil-ami\/\" \/>\n<meta property=\"og:locale\" content=\"fr_FR\" \/>\n<meta property=\"og:type\" content=\"article\" \/>\n<meta property=\"og:title\" content=\"Le vieil ami - Mon instant vintage\" \/>\n<meta property=\"og:description\" content=\"Bougeoir en verre martel\u00e9 et mercuris\u00e9. Dor\u00e9 vieilli.\" \/>\n<meta property=\"og:url\" content=\"https:\/\/moninstantvintage.fr\/index.php\/produit\/le-vieil-ami\/\" \/>\n<meta property=\"og:site_name\" content=\"Mon instant vintage\" \/>\n<meta property=\"article:publisher\" content=\"https:\/\/www.facebook.com\/Mon-instant-vintage-103208099118297\/?ref=pages_you_manage\" \/>\n<meta property=\"article:modified_time\" content=\"2022-07-05T13:02:20+00:00\" \/>\n<meta property=\"og:image\" content=\"https:\/\/moninstantvintage.fr\/wp-content\/uploads\/2022\/07\/IMG_0166-scaled.jpg\" \/>\n\t<meta property=\"og:image:width\" content=\"1920\" \/>\n\t<meta property=\"og:image:height\" content=\"2560\" \/>\n\t<meta property=\"og:image:type\" content=\"image\/jpeg\" \/>\n<meta name=\"twitter:card\" content=\"summary_large_image\" \/>\n<script type=\"application\/ld+json\" class=\"yoast-schema-graph\">{\"@context\":\"https:\/\/schema.org\",\"@graph\":[{\"@type\":\"WebPage\",\"@id\":\"https:\/\/moninstantvintage.fr\/index.php\/produit\/le-vieil-ami\/\",\"url\":\"https:\/\/moninstantvintage.fr\/index.php\/produit\/le-vieil-ami\/\",\"name\":\"Le vieil ami - Mon instant vintage\",\"isPartOf\":{\"@id\":\"https:\/\/moninstantvintage.fr\/#website\"},\"datePublished\":\"2022-07-01T09:34:05+00:00\",\"dateModified\":\"2022-07-05T13:02:20+00:00\",\"breadcrumb\":{\"@id\":\"https:\/\/moninstantvintage.fr\/index.php\/produit\/le-vieil-ami\/#breadcrumb\"},\"inLanguage\":\"fr-FR\",\"potentialAction\":[{\"@type\":\"ReadAction\",\"target\":[\"https:\/\/moninstantvintage.fr\/index.php\/produit\/le-vieil-ami\/\"]}]},{\"@type\":\"BreadcrumbList\",\"@id\":\"https:\/\/moninstantvintage.fr\/index.php\/produit\/le-vieil-ami\/#breadcrumb\",\"itemListElement\":[{\"@type\":\"ListItem\",\"position\":1,\"name\":\"Accueil\",\"item\":\"https:\/\/moninstantvintage.fr\/\"},{\"@type\":\"ListItem\",\"position\":2,\"name\":\"Boutique\",\"item\":\"https:\/\/moninstantvintage.fr\/index.php\/boutique-location-objets-site\/\"},{\"@type\":\"ListItem\",\"position\":3,\"name\":\"Le vieil ami\"}]},{\"@type\":\"WebSite\",\"@id\":\"https:\/\/moninstantvintage.fr\/#website\",\"url\":\"https:\/\/moninstantvintage.fr\/\",\"name\":\"Mon instant vintage\",\"description\":\"Location de d\u00e9corations\",\"publisher\":{\"@id\":\"https:\/\/moninstantvintage.fr\/#organization\"},\"potentialAction\":[{\"@type\":\"SearchAction\",\"target\":{\"@type\":\"EntryPoint\",\"urlTemplate\":\"https:\/\/moninstantvintage.fr\/?s={search_term_string}\"},\"query-input\":\"required name=search_term_string\"}],\"inLanguage\":\"fr-FR\"},{\"@type\":\"Organization\",\"@id\":\"https:\/\/moninstantvintage.fr\/#organization\",\"name\":\"Mon instant vintage\",\"url\":\"https:\/\/moninstantvintage.fr\/\",\"sameAs\":[\"https:\/\/www.facebook.com\/Mon-instant-vintage-103208099118297\/?ref=pages_you_manage\"],\"logo\":{\"@type\":\"ImageObject\",\"inLanguage\":\"fr-FR\",\"@id\":\"https:\/\/moninstantvintage.fr\/#\/schema\/logo\/image\/\",\"url\":\"https:\/\/moninstantvintage.fr\/wp-content\/uploads\/2022\/06\/cropped-logo_Plan-de-travail-1-e1656313235607.png\",\"contentUrl\":\"https:\/\/moninstantvintage.fr\/wp-content\/uploads\/2022\/06\/cropped-logo_Plan-de-travail-1-e1656313235607.png\",\"width\":1175,\"height\":843,\"caption\":\"Mon instant vintage\"},\"image\":{\"@id\":\"https:\/\/moninstantvintage.fr\/#\/schema\/logo\/image\/\"}}]}<\/script>\n<!-- \/ Yoast SEO plugin. -->","yoast_head_json":{"title":"Le vieil ami - Mon instant vintage","robots":{"index":"index","follow":"follow","max-snippet":"max-snippet:-1","max-image-preview":"max-image-preview:large","max-video-preview":"max-video-preview:-1"},"canonical":"https:\/\/moninstantvintage.fr\/index.php\/produit\/le-vieil-ami\/","og_locale":"fr_FR","og_type":"article","og_title":"Le vieil ami - Mon instant vintage","og_description":"Bougeoir en verre martel\u00e9 et mercuris\u00e9. Dor\u00e9 vieilli.","og_url":"https:\/\/moninstantvintage.fr\/index.php\/produit\/le-vieil-ami\/","og_site_name":"Mon instant vintage","article_publisher":"https:\/\/www.facebook.com\/Mon-instant-vintage-103208099118297\/?ref=pages_you_manage","article_modified_time":"2022-07-05T13:02:20+00:00","og_image":[{"width":1920,"height":2560,"url":"https:\/\/moninstantvintage.fr\/wp-content\/uploads\/2022\/07\/IMG_0166-scaled.jpg","type":"image\/jpeg"}],"twitter_card":"summary_large_image","schema":{"@context":"https:\/\/schema.org","@graph":[{"@type":"WebPage","@id":"https:\/\/moninstantvintage.fr\/index.php\/produit\/le-vieil-ami\/","url":"https:\/\/moninstantvintage.fr\/index.php\/produit\/le-vieil-ami\/","name":"Le vieil ami - Mon instant vintage","isPartOf":{"@id":"https:\/\/moninstantvintage.fr\/#website"},"datePublished":"2022-07-01T09:34:05+00:00","dateModified":"2022-07-05T13:02:20+00:00","breadcrumb":{"@id":"https:\/\/moninstantvintage.fr\/index.php\/produit\/le-vieil-ami\/#breadcrumb"},"inLanguage":"fr-FR","potentialAction":[{"@type":"ReadAction","target":["https:\/\/moninstantvintage.fr\/index.php\/produit\/le-vieil-ami\/"]}]},{"@type":"BreadcrumbList","@id":"https:\/\/moninstantvintage.fr\/index.php\/produit\/le-vieil-ami\/#breadcrumb","itemListElement":[{"@type":"ListItem","position":1,"name":"Accueil","item":"https:\/\/moninstantvintage.fr\/"},{"@type":"ListItem","position":2,"name":"Boutique","item":"https:\/\/moninstantvintage.fr\/index.php\/boutique-location-objets-site\/"},{"@type":"ListItem","position":3,"name":"Le vieil ami"}]},{"@type":"WebSite","@id":"https:\/\/moninstantvintage.fr\/#website","url":"https:\/\/moninstantvintage.fr\/","name":"Mon instant vintage","description":"Location de d\u00e9corations","publisher":{"@id":"https:\/\/moninstantvintage.fr\/#organization"},"potentialAction":[{"@type":"SearchAction","target":{"@type":"EntryPoint","urlTemplate":"https:\/\/moninstantvintage.fr\/?s={search_term_string}"},"query-input":"required name=search_term_string"}],"inLanguage":"fr-FR"},{"@type":"Organization","@id":"https:\/\/moninstantvintage.fr\/#organization","name":"Mon instant vintage","url":"https:\/\/moninstantvintage.fr\/","sameAs":["https:\/\/www.facebook.com\/Mon-instant-vintage-103208099118297\/?ref=pages_you_manage"],"logo":{"@type":"ImageObject","inLanguage":"fr-FR","@id":"https:\/\/moninstantvintage.fr\/#\/schema\/logo\/image\/","url":"https:\/\/moninstantvintage.fr\/wp-content\/uploads\/2022\/06\/cropped-logo_Plan-de-travail-1-e1656313235607.png","contentUrl":"https:\/\/moninstantvintage.fr\/wp-content\/uploads\/2022\/06\/cropped-logo_Plan-de-travail-1-e1656313235607.png","width":1175,"height":843,"caption":"Mon instant vintage"},"image":{"@id":"https:\/\/moninstantvintage.fr\/#\/schema\/logo\/image\/"}}]}},"_links":{"self":[{"href":"https:\/\/moninstantvintage.fr\/index.php\/wp-json\/wp\/v2\/product\/624","targetHints":{"allow":["GET"]}}],"collection":[{"href":"https:\/\/moninstantvintage.fr\/index.php\/wp-json\/wp\/v2\/product"}],"about":[{"href":"https:\/\/moninstantvintage.fr\/index.php\/wp-json\/wp\/v2\/types\/product"}],"wp:featuredmedia":[{"embeddable":true,"href":"https:\/\/moninstantvintage.fr\/index.php\/wp-json\/wp\/v2\/media\/625"}],"wp:attachment":[{"href":"https:\/\/moninstantvintage.fr\/index.php\/wp-json\/wp\/v2\/media?parent=624"}],"wp:term":[{"taxonomy":"product_cat","embeddable":true,"href":"https:\/\/moninstantvintage.fr\/index.php\/wp-json\/wp\/v2\/product_cat?post=624"},{"taxonomy":"product_tag","embeddable":true,"href":"https:\/\/moninstantvintage.fr\/index.php\/wp-json\/wp\/v2\/product_tag?post=624"}],"curies":[{"name":"wp","href":"https:\/\/api.w.org\/{rel}","templated":true}]}}