{"id":667,"date":"2022-07-04T16:12:47","date_gmt":"2022-07-04T14:12:47","guid":{"rendered":"https:\/\/moninstantvintage.fr\/?page_id=667"},"modified":"2022-10-04T12:59:39","modified_gmt":"2022-10-04T10:59:39","slug":"mentions-legales","status":"publish","type":"page","link":"https:\/\/moninstantvintage.fr\/index.php\/mentions-legales\/","title":{"rendered":"Mentions l\u00e9gales"},"content":{"rendered":"\t\t<div data-elementor-type=\"wp-page\" data-elementor-id=\"667\" class=\"elementor elementor-667\">\n\t\t\t\t\t\t\t\t\t<section class=\"elementor-section elementor-top-section elementor-element elementor-element-a07dcb5 elementor-section-boxed elementor-section-height-default elementor-section-height-default\" data-id=\"a07dcb5\" data-element_type=\"section\">\n\t\t\t\t\t\t<div class=\"elementor-container elementor-column-gap-default\">\n\t\t\t\t\t<div class=\"elementor-column elementor-col-100 elementor-top-column elementor-element elementor-element-d819829\" data-id=\"d819829\" data-element_type=\"column\">\n\t\t\t<div class=\"elementor-widget-wrap elementor-element-populated\">\n\t\t\t\t\t\t\t\t<div class=\"elementor-element elementor-element-e07bf87 elementor-widget elementor-widget-heading\" data-id=\"e07bf87\" data-element_type=\"widget\" data-widget_type=\"heading.default\">\n\t\t\t\t<div class=\"elementor-widget-container\">\n\t\t\t<style>\/*! elementor - v3.7.8 - 02-10-2022 *\/\n.elementor-heading-title{padding:0;margin:0;line-height:1}.elementor-widget-heading .elementor-heading-title[class*=elementor-size-]>a{color:inherit;font-size:inherit;line-height:inherit}.elementor-widget-heading .elementor-heading-title.elementor-size-small{font-size:15px}.elementor-widget-heading .elementor-heading-title.elementor-size-medium{font-size:19px}.elementor-widget-heading .elementor-heading-title.elementor-size-large{font-size:29px}.elementor-widget-heading .elementor-heading-title.elementor-size-xl{font-size:39px}.elementor-widget-heading .elementor-heading-title.elementor-size-xxl{font-size:59px}<\/style><h2 class=\"elementor-heading-title elementor-size-default\">Mentions l\u00e9gales<\/h2>\t\t<\/div>\n\t\t\t\t<\/div>\n\t\t\t\t<div class=\"elementor-element elementor-element-cffff62 elementor-absolute elementor-widget elementor-widget-image\" data-id=\"cffff62\" data-element_type=\"widget\" data-settings=\"{&quot;_position&quot;:&quot;absolute&quot;}\" data-widget_type=\"image.default\">\n\t\t\t\t<div class=\"elementor-widget-container\">\n\t\t\t<style>\/*! elementor - v3.7.8 - 02-10-2022 *\/\n.elementor-widget-image{text-align:center}.elementor-widget-image a{display:inline-block}.elementor-widget-image a img[src$=\".svg\"]{width:48px}.elementor-widget-image img{vertical-align:middle;display:inline-block}<\/style>\t\t\t\t\t\t\t\t\t\t\t\t<img loading=\"lazy\" decoding=\"async\" width=\"300\" height=\"44\" src=\"https:\/\/moninstantvintage.fr\/wp-content\/uploads\/2022\/06\/logo-300x44.png\" class=\"attachment-medium size-medium\" alt=\"\" srcset=\"https:\/\/moninstantvintage.fr\/wp-content\/uploads\/2022\/06\/logo-300x44.png 300w, https:\/\/moninstantvintage.fr\/wp-content\/uploads\/2022\/06\/logo-600x88.png 600w, https:\/\/moninstantvintage.fr\/wp-content\/uploads\/2022\/06\/logo-1024x150.png 1024w, https:\/\/moninstantvintage.fr\/wp-content\/uploads\/2022\/06\/logo-768x112.png 768w, https:\/\/moninstantvintage.fr\/wp-content\/uploads\/2022\/06\/logo.png 1027w\" sizes=\"auto, (max-width: 300px) 100vw, 300px\" \/>\t\t\t\t\t\t\t\t\t\t\t\t\t\t\t<\/div>\n\t\t\t\t<\/div>\n\t\t\t\t\t<\/div>\n\t\t<\/div>\n\t\t\t\t\t\t\t<\/div>\n\t\t<\/section>\n\t\t\t\t<section class=\"elementor-section elementor-top-section elementor-element elementor-element-f3b9225 elementor-section-boxed elementor-section-height-default elementor-section-height-default\" data-id=\"f3b9225\" data-element_type=\"section\">\n\t\t\t\t\t\t<div class=\"elementor-container elementor-column-gap-default\">\n\t\t\t\t\t<div class=\"elementor-column elementor-col-25 elementor-top-column elementor-element elementor-element-e2b75cc\" data-id=\"e2b75cc\" data-element_type=\"column\">\n\t\t\t<div class=\"elementor-widget-wrap\">\n\t\t\t\t\t\t\t\t\t<\/div>\n\t\t<\/div>\n\t\t\t\t<div class=\"elementor-column elementor-col-50 elementor-top-column elementor-element elementor-element-e01401e\" data-id=\"e01401e\" data-element_type=\"column\">\n\t\t\t<div class=\"elementor-widget-wrap elementor-element-populated\">\n\t\t\t\t\t\t\t\t<div class=\"elementor-element elementor-element-eb3f802 elementor-widget elementor-widget-spacer\" data-id=\"eb3f802\" data-element_type=\"widget\" data-widget_type=\"spacer.default\">\n\t\t\t\t<div class=\"elementor-widget-container\">\n\t\t\t<style>\/*! elementor - v3.7.8 - 02-10-2022 *\/\n.elementor-column .elementor-spacer-inner{height:var(--spacer-size)}.e-container{--container-widget-width:100%}.e-container>.elementor-widget-spacer{width:var(--container-widget-width,var(--spacer-size));-ms-flex-item-align:stretch;align-self:stretch;-ms-flex-negative:0;flex-shrink:0}.e-container>.elementor-widget-spacer>.elementor-widget-container,.e-container>.elementor-widget-spacer>.elementor-widget-container>.elementor-spacer{height:100%}.e-container>.elementor-widget-spacer>.elementor-widget-container>.elementor-spacer>.elementor-spacer-inner{height:var(--container-widget-height,var(--spacer-size))}<\/style>\t\t<div class=\"elementor-spacer\">\n\t\t\t<div class=\"elementor-spacer-inner\"><\/div>\n\t\t<\/div>\n\t\t\t\t<\/div>\n\t\t\t\t<\/div>\n\t\t\t\t<div class=\"elementor-element elementor-element-3b83618 elementor-widget elementor-widget-text-editor\" data-id=\"3b83618\" data-element_type=\"widget\" data-widget_type=\"text-editor.default\">\n\t\t\t\t<div class=\"elementor-widget-container\">\n\t\t\t<style>\/*! elementor - v3.7.8 - 02-10-2022 *\/\n.elementor-widget-text-editor.elementor-drop-cap-view-stacked .elementor-drop-cap{background-color:#818a91;color:#fff}.elementor-widget-text-editor.elementor-drop-cap-view-framed .elementor-drop-cap{color:#818a91;border:3px solid;background-color:transparent}.elementor-widget-text-editor:not(.elementor-drop-cap-view-default) .elementor-drop-cap{margin-top:8px}.elementor-widget-text-editor:not(.elementor-drop-cap-view-default) .elementor-drop-cap-letter{width:1em;height:1em}.elementor-widget-text-editor .elementor-drop-cap{float:left;text-align:center;line-height:1;font-size:50px}.elementor-widget-text-editor .elementor-drop-cap-letter{display:inline-block}<\/style>\t\t\t\t<table>\n<tbody>\n<tr>\n<td style=\"width: 122px;\">Dirigeant<\/td>\n<td style=\"width: 304px;\">Fran\u00e7ois Rosset<\/td>\n<\/tr>\n<tr>\n<td style=\"width: 122px;\">Adresse<\/td>\n<td style=\"width: 304px;\">1230 CHEMIN DES ROUTES 26750 SAINT-PAUL-LES-ROMANS<\/td>\n<\/tr>\n<tr>\n<td style=\"width: 122px;\">T\u00e9l\u00e9phone<\/td>\n<td style=\"width: 304px;\"><span style=\"font-size:11.0pt;font-family:&quot;Calibri&quot;,sans-serif;\nmso-fareast-font-family:Calibri;mso-fareast-theme-font:minor-latin;color:#1F4E79;\nmso-ansi-language:FR;mso-fareast-language:EN-US;mso-bidi-language:AR-SA\">04 75\n05 45 38&nbsp;<\/span><\/td><\/tr><tr><td style=\"width: 122px;\">&nbsp;E-mail<\/td>\n<td style=\"width: 304px;\">&nbsp;contact@moninstantvintage.fr<\/td>\n<\/tr>\n<tr>\n<td style=\"width: 122px;\">Forme juridique<\/td>\n<td style=\"width: 304px;\">SAS<\/td>\n<\/tr>\n<tr>\n<td style=\"width: 122px;\">&nbsp;<\/td>\n<td style=\"width: 304px;\">&nbsp;<\/td>\n<\/tr>\n<tr>\n<td style=\"width: 122px;\">SIREN<\/td>\n<td style=\"width: 304px;\">\n<div data-nosnippet=\"\">900913492<\/div>\n<p><\/p>\n<\/td>\n<\/tr>\n<tr>\n<td style=\"width: 122px;\">SIRET<\/td>\n<td style=\"width: 304px;\">\n<div data-nosnippet=\"\">90091349200014<\/div>\n<p><\/p>\n<\/td>\n<\/tr>\n<tr>\n<td style=\"width: 122px;\">&nbsp;<\/td>\n<td style=\"width: 304px;\">&nbsp;<\/td>\n<\/tr>\n<tr>\n<td style=\"width: 122px;\">Code APE \/ NAF<\/td>\n<td style=\"width: 304px;\"><span class=\"description-txt\">Location et location-bail d&#8217;autres machines, \u00e9quipements et biens mat\u00e9riels n.c.a. (7739Z)<\/span><\/td>\n<\/tr>\n<\/tbody>\n<\/table>\t\t\t\t\t\t<\/div>\n\t\t\t\t<\/div>\n\t\t\t\t<div class=\"elementor-element elementor-element-cfc5481 elementor-widget elementor-widget-text-editor\" data-id=\"cfc5481\" data-element_type=\"widget\" data-widget_type=\"text-editor.default\">\n\t\t\t\t<div class=\"elementor-widget-container\">\n\t\t\t\t\t\t\t<div><strong>Coordination technique \/ Conception \/ R\u00e9alisation<br><\/strong><\/div>Axen informatique<br><div>&nbsp;<\/div>\n<div><strong>H\u00e9bergement<\/strong><\/div>\n<div>\n<p>OVH<br>2 rue Kellermann<br>59100 Roubaix<br>France (Nord)<br>T\u00e9l\u00e9phone : 08 203 203 63<\/p>\n<\/div>\t\t\t\t\t\t<\/div>\n\t\t\t\t<\/div>\n\t\t\t\t\t<\/div>\n\t\t<\/div>\n\t\t\t\t<div class=\"elementor-column elementor-col-25 elementor-top-column elementor-element elementor-element-5a8c4cb\" data-id=\"5a8c4cb\" data-element_type=\"column\">\n\t\t\t<div class=\"elementor-widget-wrap\">\n\t\t\t\t\t\t\t\t\t<\/div>\n\t\t<\/div>\n\t\t\t\t\t\t\t<\/div>\n\t\t<\/section>\n\t\t\t\t\t\t\t<\/div>\n\t\t","protected":false},"excerpt":{"rendered":"<p>Mentions l\u00e9gales Dirigeant Fran\u00e7ois Rosset Adresse 1230 CHEMIN DES ROUTES 26750 SAINT-PAUL-LES-ROMANS T\u00e9l\u00e9phone 04 75 05 45 38&nbsp; &nbsp;E-mail &nbsp;contact@moninstantvintage.fr Forme juridique SAS &nbsp; &nbsp; SIREN 900913492 SIRET 90091349200014 &nbsp; &nbsp; Code APE \/ NAF Location et location-bail d&#8217;autres machines, \u00e9quipements et biens mat\u00e9riels n.c.a. (7739Z) Coordination technique \/ Conception \/ R\u00e9alisationAxen informatique&nbsp; H\u00e9bergement OVH2 &hellip;<\/p>\n<p class=\"read-more\"> <a class=\"\" href=\"https:\/\/moninstantvintage.fr\/index.php\/mentions-legales\/\"> <span class=\"screen-reader-text\">Mentions l\u00e9gales<\/span> Lire la suite\u00a0\u00bb<\/a><\/p>\n","protected":false},"author":1,"featured_media":0,"parent":0,"menu_order":0,"comment_status":"closed","ping_status":"closed","template":"","meta":{"site-sidebar-layout":"no-sidebar","site-content-layout":"page-builder","ast-global-header-display":"","ast-main-header-display":"","ast-hfb-above-header-display":"","ast-hfb-below-header-display":"","ast-hfb-mobile-header-display":"","site-post-title":"disabled","ast-breadcrumbs-content":"","ast-featured-img":"disabled","footer-sml-layout":"","theme-transparent-header-meta":"","adv-header-id-meta":"","stick-header-meta":"","header-above-stick-meta":"","header-main-stick-meta":"","header-below-stick-meta":"","footnotes":""},"class_list":["post-667","page","type-page","status-publish","hentry"],"yoast_head":"<!-- This site is optimized with the Yoast SEO plugin v19.7.1 - https:\/\/yoast.com\/wordpress\/plugins\/seo\/ -->\n<title>Mentions l\u00e9gales - Mon instant vintage<\/title>\n<meta name=\"robots\" content=\"index, follow, max-snippet:-1, max-image-preview:large, max-video-preview:-1\" \/>\n<link rel=\"canonical\" href=\"https:\/\/moninstantvintage.fr\/index.php\/mentions-legales\/\" \/>\n<meta property=\"og:locale\" content=\"fr_FR\" \/>\n<meta property=\"og:type\" content=\"article\" \/>\n<meta property=\"og:title\" content=\"Mentions l\u00e9gales - Mon instant vintage\" \/>\n<meta property=\"og:description\" content=\"Mentions l\u00e9gales Dirigeant Fran\u00e7ois Rosset Adresse 1230 CHEMIN DES ROUTES 26750 SAINT-PAUL-LES-ROMANS T\u00e9l\u00e9phone 04 75 05 45 38&nbsp; &nbsp;E-mail &nbsp;contact@moninstantvintage.fr Forme juridique SAS &nbsp; &nbsp; SIREN 900913492 SIRET 90091349200014 &nbsp; &nbsp; Code APE \/ NAF Location et location-bail d&#8217;autres machines, \u00e9quipements et biens mat\u00e9riels n.c.a. (7739Z) Coordination technique \/ Conception \/ R\u00e9alisationAxen informatique&nbsp; H\u00e9bergement OVH2 &hellip; Mentions l\u00e9gales Lire la suite\u00a0\u00bb\" \/>\n<meta property=\"og:url\" content=\"https:\/\/moninstantvintage.fr\/index.php\/mentions-legales\/\" \/>\n<meta property=\"og:site_name\" content=\"Mon instant vintage\" \/>\n<meta property=\"article:publisher\" content=\"https:\/\/www.facebook.com\/Mon-instant-vintage-103208099118297\/?ref=pages_you_manage\" \/>\n<meta property=\"article:modified_time\" content=\"2022-10-04T10:59:39+00:00\" \/>\n<meta property=\"og:image\" content=\"https:\/\/moninstantvintage.fr\/wp-content\/uploads\/2022\/06\/logo-300x44.png\" \/>\n<meta name=\"twitter:card\" content=\"summary_large_image\" \/>\n<meta name=\"twitter:label1\" content=\"Dur\u00e9e de lecture estim\u00e9e\" \/>\n\t<meta name=\"twitter:data1\" content=\"1 minute\" \/>\n<script type=\"application\/ld+json\" class=\"yoast-schema-graph\">{\"@context\":\"https:\/\/schema.org\",\"@graph\":[{\"@type\":\"WebPage\",\"@id\":\"https:\/\/moninstantvintage.fr\/index.php\/mentions-legales\/\",\"url\":\"https:\/\/moninstantvintage.fr\/index.php\/mentions-legales\/\",\"name\":\"Mentions l\u00e9gales - Mon instant vintage\",\"isPartOf\":{\"@id\":\"https:\/\/moninstantvintage.fr\/#website\"},\"datePublished\":\"2022-07-04T14:12:47+00:00\",\"dateModified\":\"2022-10-04T10:59:39+00:00\",\"breadcrumb\":{\"@id\":\"https:\/\/moninstantvintage.fr\/index.php\/mentions-legales\/#breadcrumb\"},\"inLanguage\":\"fr-FR\",\"potentialAction\":[{\"@type\":\"ReadAction\",\"target\":[\"https:\/\/moninstantvintage.fr\/index.php\/mentions-legales\/\"]}]},{\"@type\":\"BreadcrumbList\",\"@id\":\"https:\/\/moninstantvintage.fr\/index.php\/mentions-legales\/#breadcrumb\",\"itemListElement\":[{\"@type\":\"ListItem\",\"position\":1,\"name\":\"Accueil\",\"item\":\"https:\/\/moninstantvintage.fr\/\"},{\"@type\":\"ListItem\",\"position\":2,\"name\":\"Mentions l\u00e9gales\"}]},{\"@type\":\"WebSite\",\"@id\":\"https:\/\/moninstantvintage.fr\/#website\",\"url\":\"https:\/\/moninstantvintage.fr\/\",\"name\":\"Mon instant vintage\",\"description\":\"Location de d\u00e9corations\",\"publisher\":{\"@id\":\"https:\/\/moninstantvintage.fr\/#organization\"},\"potentialAction\":[{\"@type\":\"SearchAction\",\"target\":{\"@type\":\"EntryPoint\",\"urlTemplate\":\"https:\/\/moninstantvintage.fr\/?s={search_term_string}\"},\"query-input\":\"required name=search_term_string\"}],\"inLanguage\":\"fr-FR\"},{\"@type\":\"Organization\",\"@id\":\"https:\/\/moninstantvintage.fr\/#organization\",\"name\":\"Mon instant vintage\",\"url\":\"https:\/\/moninstantvintage.fr\/\",\"sameAs\":[\"https:\/\/www.facebook.com\/Mon-instant-vintage-103208099118297\/?ref=pages_you_manage\"],\"logo\":{\"@type\":\"ImageObject\",\"inLanguage\":\"fr-FR\",\"@id\":\"https:\/\/moninstantvintage.fr\/#\/schema\/logo\/image\/\",\"url\":\"https:\/\/moninstantvintage.fr\/wp-content\/uploads\/2022\/06\/cropped-logo_Plan-de-travail-1-e1656313235607.png\",\"contentUrl\":\"https:\/\/moninstantvintage.fr\/wp-content\/uploads\/2022\/06\/cropped-logo_Plan-de-travail-1-e1656313235607.png\",\"width\":1175,\"height\":843,\"caption\":\"Mon instant vintage\"},\"image\":{\"@id\":\"https:\/\/moninstantvintage.fr\/#\/schema\/logo\/image\/\"}}]}<\/script>\n<!-- \/ Yoast SEO plugin. -->","yoast_head_json":{"title":"Mentions l\u00e9gales - Mon instant vintage","robots":{"index":"index","follow":"follow","max-snippet":"max-snippet:-1","max-image-preview":"max-image-preview:large","max-video-preview":"max-video-preview:-1"},"canonical":"https:\/\/moninstantvintage.fr\/index.php\/mentions-legales\/","og_locale":"fr_FR","og_type":"article","og_title":"Mentions l\u00e9gales - Mon instant vintage","og_description":"Mentions l\u00e9gales Dirigeant Fran\u00e7ois Rosset Adresse 1230 CHEMIN DES ROUTES 26750 SAINT-PAUL-LES-ROMANS T\u00e9l\u00e9phone 04 75 05 45 38&nbsp; &nbsp;E-mail &nbsp;contact@moninstantvintage.fr Forme juridique SAS &nbsp; &nbsp; SIREN 900913492 SIRET 90091349200014 &nbsp; &nbsp; Code APE \/ NAF Location et location-bail d&#8217;autres machines, \u00e9quipements et biens mat\u00e9riels n.c.a. (7739Z) Coordination technique \/ Conception \/ R\u00e9alisationAxen informatique&nbsp; H\u00e9bergement OVH2 &hellip; Mentions l\u00e9gales Lire la suite\u00a0\u00bb","og_url":"https:\/\/moninstantvintage.fr\/index.php\/mentions-legales\/","og_site_name":"Mon instant vintage","article_publisher":"https:\/\/www.facebook.com\/Mon-instant-vintage-103208099118297\/?ref=pages_you_manage","article_modified_time":"2022-10-04T10:59:39+00:00","og_image":[{"url":"https:\/\/moninstantvintage.fr\/wp-content\/uploads\/2022\/06\/logo-300x44.png"}],"twitter_card":"summary_large_image","twitter_misc":{"Dur\u00e9e de lecture estim\u00e9e":"1 minute"},"schema":{"@context":"https:\/\/schema.org","@graph":[{"@type":"WebPage","@id":"https:\/\/moninstantvintage.fr\/index.php\/mentions-legales\/","url":"https:\/\/moninstantvintage.fr\/index.php\/mentions-legales\/","name":"Mentions l\u00e9gales - Mon instant vintage","isPartOf":{"@id":"https:\/\/moninstantvintage.fr\/#website"},"datePublished":"2022-07-04T14:12:47+00:00","dateModified":"2022-10-04T10:59:39+00:00","breadcrumb":{"@id":"https:\/\/moninstantvintage.fr\/index.php\/mentions-legales\/#breadcrumb"},"inLanguage":"fr-FR","potentialAction":[{"@type":"ReadAction","target":["https:\/\/moninstantvintage.fr\/index.php\/mentions-legales\/"]}]},{"@type":"BreadcrumbList","@id":"https:\/\/moninstantvintage.fr\/index.php\/mentions-legales\/#breadcrumb","itemListElement":[{"@type":"ListItem","position":1,"name":"Accueil","item":"https:\/\/moninstantvintage.fr\/"},{"@type":"ListItem","position":2,"name":"Mentions l\u00e9gales"}]},{"@type":"WebSite","@id":"https:\/\/moninstantvintage.fr\/#website","url":"https:\/\/moninstantvintage.fr\/","name":"Mon instant vintage","description":"Location de d\u00e9corations","publisher":{"@id":"https:\/\/moninstantvintage.fr\/#organization"},"potentialAction":[{"@type":"SearchAction","target":{"@type":"EntryPoint","urlTemplate":"https:\/\/moninstantvintage.fr\/?s={search_term_string}"},"query-input":"required name=search_term_string"}],"inLanguage":"fr-FR"},{"@type":"Organization","@id":"https:\/\/moninstantvintage.fr\/#organization","name":"Mon instant vintage","url":"https:\/\/moninstantvintage.fr\/","sameAs":["https:\/\/www.facebook.com\/Mon-instant-vintage-103208099118297\/?ref=pages_you_manage"],"logo":{"@type":"ImageObject","inLanguage":"fr-FR","@id":"https:\/\/moninstantvintage.fr\/#\/schema\/logo\/image\/","url":"https:\/\/moninstantvintage.fr\/wp-content\/uploads\/2022\/06\/cropped-logo_Plan-de-travail-1-e1656313235607.png","contentUrl":"https:\/\/moninstantvintage.fr\/wp-content\/uploads\/2022\/06\/cropped-logo_Plan-de-travail-1-e1656313235607.png","width":1175,"height":843,"caption":"Mon instant vintage"},"image":{"@id":"https:\/\/moninstantvintage.fr\/#\/schema\/logo\/image\/"}}]}},"_links":{"self":[{"href":"https:\/\/moninstantvintage.fr\/index.php\/wp-json\/wp\/v2\/pages\/667","targetHints":{"allow":["GET"]}}],"collection":[{"href":"https:\/\/moninstantvintage.fr\/index.php\/wp-json\/wp\/v2\/pages"}],"about":[{"href":"https:\/\/moninstantvintage.fr\/index.php\/wp-json\/wp\/v2\/types\/page"}],"author":[{"embeddable":true,"href":"https:\/\/moninstantvintage.fr\/index.php\/wp-json\/wp\/v2\/users\/1"}],"replies":[{"embeddable":true,"href":"https:\/\/moninstantvintage.fr\/index.php\/wp-json\/wp\/v2\/comments?post=667"}],"version-history":[{"count":25,"href":"https:\/\/moninstantvintage.fr\/index.php\/wp-json\/wp\/v2\/pages\/667\/revisions"}],"predecessor-version":[{"id":828,"href":"https:\/\/moninstantvintage.fr\/index.php\/wp-json\/wp\/v2\/pages\/667\/revisions\/828"}],"wp:attachment":[{"href":"https:\/\/moninstantvintage.fr\/index.php\/wp-json\/wp\/v2\/media?parent=667"}],"curies":[{"name":"wp","href":"https:\/\/api.w.org\/{rel}","templated":true}]}}